{"id":2288,"date":"2021-10-17T09:10:45","date_gmt":"2021-10-17T09:10:45","guid":{"rendered":"https:\/\/avhandeyetik.com\/?page_id=2288"},"modified":"2023-08-25T20:24:03","modified_gmt":"2023-08-25T20:24:03","slug":"yetik-hukuk-burosu-hakkinda","status":"publish","type":"page","link":"https:\/\/avhandeyetik.com\/?page_id=2288","title":{"rendered":"Yetik Hukuk B\u00fcrosu Hakk\u0131nda"},"content":{"rendered":"\t\t<div data-elementor-type=\"wp-page\" data-elementor-id=\"2288\" class=\"elementor elementor-2288\">\n\t\t\t\t\t\t<section class=\"elementor-section elementor-top-section elementor-element elementor-element-3d5cda9 elementor-section-boxed elementor-section-height-default elementor-section-height-default\" data-id=\"3d5cda9\" data-element_type=\"section\">\n\t\t\t\t\t\t<div class=\"elementor-container elementor-column-gap-default\">\n\t\t\t\t\t<div class=\"elementor-column elementor-col-50 elementor-top-column elementor-element elementor-element-4a34776\" data-id=\"4a34776\" data-element_type=\"column\">\n\t\t\t<div class=\"elementor-widget-wrap elementor-element-populated\">\n\t\t\t\t\t\t<div class=\"elementor-element elementor-element-4595cdd align-left elementor-widget elementor-widget-mae-headings\" data-id=\"4595cdd\" data-element_type=\"widget\" data-widget_type=\"mae-headings.default\">\n\t\t\t\t<div class=\"elementor-widget-container\">\n\t\t\t\t\t\t\t<div class=\"master-heading\">\n\t        \t            <div class=\"pre-heading\">Hukuk B\u00fcromuz Hakk\u0131nda<\/div>\n\t        \n\t        \t        <h2 class=\"main-heading\">Yetik Hukuk & Dan\u0131\u015fmanl\u0131k<\/h2>\n\t        \n\t        \t        <div class=\"divider\"><\/div>\n\t        \n\t        \t            <div class=\"sub-heading\">\u201cH\u0131zl\u0131 ve Kaliteli Hizmet\u201d  ilkesini temel alan Yetik Hukuk B\u00fcrosu, Avukat Hande Yetik taraf\u0131ndan Adana\u2019da kurulmu\u015f olup ara\u015ft\u0131rmac\u0131 ve dinamik bir bak\u0131\u015f a\u00e7\u0131s\u0131yla, meslek kurallar\u0131 \u0131\u015f\u0131\u011f\u0131nda mesleki faaliyetlerini y\u00fcr\u00fctmektedir. Yetik Hukuk B\u00fcrosu, gizlilik ve \u015feffafl\u0131k ilkeleri do\u011frultusunda Aile ve Bo\u015fanma Hukuku, Bor\u00e7lar Hukuku,  \u0130cra \u0130flas Hukuku, \u0130\u015f Hukuku, Miras Hukuku, Kira Hukuku, T\u00fcketici Hukuku, \u0130dare Hukuku alanlar\u0131 ba\u015fta olmak \u00fczere pek \u00e7ok  alanlara ait hukuki s\u00fcre\u00e7ler ve uyu\u015fmazl\u0131klar ile ilgili pratik, yenilik\u00e7i ve kal\u0131c\u0131 \u00e7\u00f6z\u00fcmler \u00fcreterek M\u00fcvekkilleri ile  kal\u0131c\u0131 bir i\u015f ili\u015fkisi olu\u015fturabilmeyi hedeflemektedir. Uyu\u015fmazl\u0131\u011f\u0131n hukuki niteli\u011fi, kapsam ve etkisinin yan\u0131 s\u0131ra hukuki riskleri konusunda da bilgilendirilme yap\u0131larak m\u00fcvekkillerinin u\u011frayabilece\u011fi zararlar\u0131 engellemek veya en aza indirmek suretiyle hukuki dan\u0131\u015fmal\u0131k hizmeti vermektedir. Yetik Hukuk & Dan\u0131\u015fmanl\u0131k B\u00fcrosu, m\u00fcvekkillerinin a\u00e7aca\u011f\u0131 veya m\u00fcvekkillerine kar\u015f\u0131 a\u00e7\u0131lm\u0131\u015f olan davalarda m\u00fcvekkillerini temsil ederek onlar\u0131n \u00e7\u0131karlar\u0131n\u0131 korumak i\u00e7in gereken \u00f6zen ve gayreti g\u00f6stermeyi vizyon ve misyon edinmi\u015ftir.<\/div>\n\t        \t    <\/div>\n\t    \t\t\t\t<\/div>\n\t\t\t\t<\/div>\n\t\t\t\t<div class=\"elementor-element elementor-element-4bcd025 elementor-widget elementor-widget-button\" data-id=\"4bcd025\" data-element_type=\"widget\" data-widget_type=\"button.default\">\n\t\t\t\t<div class=\"elementor-widget-container\">\n\t\t\t\t\t\t\t\t\t<div class=\"elementor-button-wrapper\">\n\t\t\t\t\t<a class=\"elementor-button elementor-button-link elementor-size-sm\" href=\"#\">\n\t\t\t\t\t\t<span class=\"elementor-button-content-wrapper\">\n\t\t\t\t\t\t<span class=\"elementor-button-icon\">\n\t\t\t\t<i aria-hidden=\"true\" class=\"far fa-arrow-alt-circle-right\"><\/i>\t\t\t<\/span>\n\t\t\t\t\t\t\t\t\t<span class=\"elementor-button-text\">\u0130LET\u0130\u015e\u0130ME GE\u00c7<\/span>\n\t\t\t\t\t<\/span>\n\t\t\t\t\t<\/a>\n\t\t\t\t<\/div>\n\t\t\t\t\t\t\t\t<\/div>\n\t\t\t\t<\/div>\n\t\t\t\t\t<\/div>\n\t\t<\/div>\n\t\t\t\t<div class=\"elementor-column elementor-col-50 elementor-top-column elementor-element elementor-element-7ca02e1\" data-id=\"7ca02e1\" data-element_type=\"column\">\n\t\t\t<div class=\"elementor-widget-wrap elementor-element-populated\">\n\t\t\t\t\t\t<div class=\"elementor-element elementor-element-6079fca elementor-widget elementor-widget-image\" data-id=\"6079fca\" data-element_type=\"widget\" data-widget_type=\"image.default\">\n\t\t\t\t<div class=\"elementor-widget-container\">\n\t\t\t\t\t\t\t\t\t\t\t\t\t\t\t<img fetchpriority=\"high\" decoding=\"async\" width=\"624\" height=\"667\" src=\"https:\/\/avhandeyetik.com\/wp-content\/uploads\/2021\/10\/adana-avukat.jpg\" class=\"attachment-large size-large wp-image-2165\" alt=\"\" srcset=\"https:\/\/avhandeyetik.com\/wp-content\/uploads\/2021\/10\/adana-avukat.jpg 624w, https:\/\/avhandeyetik.com\/wp-content\/uploads\/2021\/10\/adana-avukat-281x300.jpg 281w\" sizes=\"(max-width: 624px) 100vw, 624px\" \/>\t\t\t\t\t\t\t\t\t\t\t\t\t\t\t<\/div>\n\t\t\t\t<\/div>\n\t\t\t\t\t<\/div>\n\t\t<\/div>\n\t\t\t\t\t<\/div>\n\t\t<\/section>\n\t\t\t\t<\/div>\n\t\t","protected":false},"excerpt":{"rendered":"<p>Hukuk B\u00fcromuz Hakk\u0131nda Yetik Hukuk &#038; Dan\u0131\u015fmanl\u0131k \u201cH\u0131zl\u0131 ve Kaliteli Hizmet\u201d ilkesini temel alan Yetik Hukuk B\u00fcrosu, Avukat Hande Yetik taraf\u0131ndan Adana\u2019da kurulmu\u015f olup ara\u015ft\u0131rmac\u0131 ve dinamik bir bak\u0131\u015f a\u00e7\u0131s\u0131yla, meslek kurallar\u0131 \u0131\u015f\u0131\u011f\u0131nda mesleki faaliyetlerini y\u00fcr\u00fctmektedir. Yetik Hukuk B\u00fcrosu, gizlilik ve \u015feffafl\u0131k ilkeleri do\u011frultusunda Aile ve Bo\u015fanma<\/p>\n","protected":false},"author":1,"featured_media":2468,"parent":0,"menu_order":0,"comment_status":"closed","ping_status":"closed","template":"","meta":{"_joinchat":[],"footnotes":""},"class_list":["post-2288","page","type-page","status-publish","has-post-thumbnail","hentry"],"yoast_head":"<!-- This site is optimized with the Yoast SEO plugin v25.9 - https:\/\/yoast.com\/wordpress\/plugins\/seo\/ -->\n<title>Yetik Hukuk B\u00fcrosu Hakk\u0131nda - Yetik Hukuk ve Dan\u0131\u015fmanl\u0131k B\u00fcrosu | Adana Avukat<\/title>\n<meta name=\"robots\" content=\"index, follow, max-snippet:-1, max-image-preview:large, max-video-preview:-1\" \/>\n<link rel=\"canonical\" href=\"https:\/\/avhandeyetik.com\/?page_id=2288\" \/>\n<meta property=\"og:locale\" content=\"tr_TR\" \/>\n<meta property=\"og:type\" content=\"article\" \/>\n<meta property=\"og:title\" content=\"Yetik Hukuk B\u00fcrosu Hakk\u0131nda - Yetik Hukuk ve Dan\u0131\u015fmanl\u0131k B\u00fcrosu | Adana Avukat\" \/>\n<meta property=\"og:description\" content=\"Hukuk B\u00fcromuz Hakk\u0131nda Yetik Hukuk &#038; Dan\u0131\u015fmanl\u0131k \u201cH\u0131zl\u0131 ve Kaliteli Hizmet\u201d ilkesini temel alan Yetik Hukuk B\u00fcrosu, Avukat Hande Yetik taraf\u0131ndan Adana\u2019da kurulmu\u015f olup ara\u015ft\u0131rmac\u0131 ve dinamik bir bak\u0131\u015f a\u00e7\u0131s\u0131yla, meslek kurallar\u0131 \u0131\u015f\u0131\u011f\u0131nda mesleki faaliyetlerini y\u00fcr\u00fctmektedir. Yetik Hukuk B\u00fcrosu, gizlilik ve \u015feffafl\u0131k ilkeleri do\u011frultusunda Aile ve Bo\u015fanma\" \/>\n<meta property=\"og:url\" content=\"https:\/\/avhandeyetik.com\/?page_id=2288\" \/>\n<meta property=\"og:site_name\" content=\"Yetik Hukuk ve Dan\u0131\u015fmanl\u0131k B\u00fcrosu | Adana Avukat\" \/>\n<meta property=\"article:modified_time\" content=\"2023-08-25T20:24:03+00:00\" \/>\n<meta property=\"og:image\" content=\"https:\/\/avhandeyetik.com\/wp-content\/uploads\/2023\/08\/DSCF0500-scaled-e1692994957478.jpg\" \/>\n\t<meta property=\"og:image:width\" content=\"1706\" \/>\n\t<meta property=\"og:image:height\" content=\"2180\" \/>\n\t<meta property=\"og:image:type\" content=\"image\/jpeg\" \/>\n<meta name=\"twitter:card\" content=\"summary_large_image\" \/>\n<meta name=\"twitter:label1\" content=\"Tahmini okuma s\u00fcresi\" \/>\n\t<meta name=\"twitter:data1\" content=\"1 dakika\" \/>\n<script type=\"application\/ld+json\" class=\"yoast-schema-graph\">{\"@context\":\"https:\/\/schema.org\",\"@graph\":[{\"@type\":\"WebPage\",\"@id\":\"https:\/\/avhandeyetik.com\/?page_id=2288\",\"url\":\"https:\/\/avhandeyetik.com\/?page_id=2288\",\"name\":\"Yetik Hukuk B\u00fcrosu Hakk\u0131nda - Yetik Hukuk ve Dan\u0131\u015fmanl\u0131k B\u00fcrosu | Adana Avukat\",\"isPartOf\":{\"@id\":\"https:\/\/avhandeyetik.com\/#website\"},\"primaryImageOfPage\":{\"@id\":\"https:\/\/avhandeyetik.com\/?page_id=2288#primaryimage\"},\"image\":{\"@id\":\"https:\/\/avhandeyetik.com\/?page_id=2288#primaryimage\"},\"thumbnailUrl\":\"https:\/\/avhandeyetik.com\/wp-content\/uploads\/2023\/08\/DSCF0500-scaled-e1692994957478.jpg\",\"datePublished\":\"2021-10-17T09:10:45+00:00\",\"dateModified\":\"2023-08-25T20:24:03+00:00\",\"breadcrumb\":{\"@id\":\"https:\/\/avhandeyetik.com\/?page_id=2288#breadcrumb\"},\"inLanguage\":\"tr\",\"potentialAction\":[{\"@type\":\"ReadAction\",\"target\":[\"https:\/\/avhandeyetik.com\/?page_id=2288\"]}]},{\"@type\":\"ImageObject\",\"inLanguage\":\"tr\",\"@id\":\"https:\/\/avhandeyetik.com\/?page_id=2288#primaryimage\",\"url\":\"https:\/\/avhandeyetik.com\/wp-content\/uploads\/2023\/08\/DSCF0500-scaled-e1692994957478.jpg\",\"contentUrl\":\"https:\/\/avhandeyetik.com\/wp-content\/uploads\/2023\/08\/DSCF0500-scaled-e1692994957478.jpg\",\"width\":1706,\"height\":2180},{\"@type\":\"BreadcrumbList\",\"@id\":\"https:\/\/avhandeyetik.com\/?page_id=2288#breadcrumb\",\"itemListElement\":[{\"@type\":\"ListItem\",\"position\":1,\"name\":\"Anasayfa\",\"item\":\"https:\/\/avhandeyetik.com\/\"},{\"@type\":\"ListItem\",\"position\":2,\"name\":\"Yetik Hukuk B\u00fcrosu Hakk\u0131nda\"}]},{\"@type\":\"WebSite\",\"@id\":\"https:\/\/avhandeyetik.com\/#website\",\"url\":\"https:\/\/avhandeyetik.com\/\",\"name\":\"Yetik Hukuk ve Dan\u0131\u015fmanl\u0131k B\u00fcrosu | Adana Avukat\",\"description\":\"ADANA \u0130DARE HUKUKU, ADANA S\u0130GORTA HUKUKU, ADANA \u0130CRA VE \u0130FLAS HUKUKU, ADANA CEZA HUKUKU, ADANA \u0130\u015e VE SOSYAL G\u00dcVENL\u0130K HUKUKU, ADANA A\u0130LE , VELAYET VE BO\u015eANMA HUKUKU, ADANA M\u0130RAS HUKUKU, ADANA T\u00dcKET\u0130C\u0130 HUKUKU, ADANA VERG\u0130 HUKUKU, ADANA S\u00d6ZLE\u015eMELER VE BOR\u00c7LAR HUKUKU, ADANA TRAF\u0130K KAZALARINDA MADD\u0130 MANEV\u0130 TAZM\u0130NAT, ADANA ARSA PAYI KAR\u015eILI\u011eI \u0130N\u015eAAT S\u00d6ZLE\u015eMELER\u0130 VE DAVALARI, ADANA SA\u011eLIK HUKUKU, ADANA KVKK HUKUKU, ADANA GAYR\u0130MENKUL HUKUKU, ADANA T\u0130CARET HUKUKU,HUKUKU,\",\"potentialAction\":[{\"@type\":\"SearchAction\",\"target\":{\"@type\":\"EntryPoint\",\"urlTemplate\":\"https:\/\/avhandeyetik.com\/?s={search_term_string}\"},\"query-input\":{\"@type\":\"PropertyValueSpecification\",\"valueRequired\":true,\"valueName\":\"search_term_string\"}}],\"inLanguage\":\"tr\"}]}<\/script>\n<!-- \/ Yoast SEO plugin. -->","yoast_head_json":{"title":"Yetik Hukuk B\u00fcrosu Hakk\u0131nda - Yetik Hukuk ve Dan\u0131\u015fmanl\u0131k B\u00fcrosu | Adana Avukat","robots":{"index":"index","follow":"follow","max-snippet":"max-snippet:-1","max-image-preview":"max-image-preview:large","max-video-preview":"max-video-preview:-1"},"canonical":"https:\/\/avhandeyetik.com\/?page_id=2288","og_locale":"tr_TR","og_type":"article","og_title":"Yetik Hukuk B\u00fcrosu Hakk\u0131nda - Yetik Hukuk ve Dan\u0131\u015fmanl\u0131k B\u00fcrosu | Adana Avukat","og_description":"Hukuk B\u00fcromuz Hakk\u0131nda Yetik Hukuk &#038; Dan\u0131\u015fmanl\u0131k \u201cH\u0131zl\u0131 ve Kaliteli Hizmet\u201d ilkesini temel alan Yetik Hukuk B\u00fcrosu, Avukat Hande Yetik taraf\u0131ndan Adana\u2019da kurulmu\u015f olup ara\u015ft\u0131rmac\u0131 ve dinamik bir bak\u0131\u015f a\u00e7\u0131s\u0131yla, meslek kurallar\u0131 \u0131\u015f\u0131\u011f\u0131nda mesleki faaliyetlerini y\u00fcr\u00fctmektedir. Yetik Hukuk B\u00fcrosu, gizlilik ve \u015feffafl\u0131k ilkeleri do\u011frultusunda Aile ve Bo\u015fanma","og_url":"https:\/\/avhandeyetik.com\/?page_id=2288","og_site_name":"Yetik Hukuk ve Dan\u0131\u015fmanl\u0131k B\u00fcrosu | Adana Avukat","article_modified_time":"2023-08-25T20:24:03+00:00","og_image":[{"width":1706,"height":2180,"url":"https:\/\/avhandeyetik.com\/wp-content\/uploads\/2023\/08\/DSCF0500-scaled-e1692994957478.jpg","type":"image\/jpeg"}],"twitter_card":"summary_large_image","twitter_misc":{"Tahmini okuma s\u00fcresi":"1 dakika"},"schema":{"@context":"https:\/\/schema.org","@graph":[{"@type":"WebPage","@id":"https:\/\/avhandeyetik.com\/?page_id=2288","url":"https:\/\/avhandeyetik.com\/?page_id=2288","name":"Yetik Hukuk B\u00fcrosu Hakk\u0131nda - Yetik Hukuk ve Dan\u0131\u015fmanl\u0131k B\u00fcrosu | Adana Avukat","isPartOf":{"@id":"https:\/\/avhandeyetik.com\/#website"},"primaryImageOfPage":{"@id":"https:\/\/avhandeyetik.com\/?page_id=2288#primaryimage"},"image":{"@id":"https:\/\/avhandeyetik.com\/?page_id=2288#primaryimage"},"thumbnailUrl":"https:\/\/avhandeyetik.com\/wp-content\/uploads\/2023\/08\/DSCF0500-scaled-e1692994957478.jpg","datePublished":"2021-10-17T09:10:45+00:00","dateModified":"2023-08-25T20:24:03+00:00","breadcrumb":{"@id":"https:\/\/avhandeyetik.com\/?page_id=2288#breadcrumb"},"inLanguage":"tr","potentialAction":[{"@type":"ReadAction","target":["https:\/\/avhandeyetik.com\/?page_id=2288"]}]},{"@type":"ImageObject","inLanguage":"tr","@id":"https:\/\/avhandeyetik.com\/?page_id=2288#primaryimage","url":"https:\/\/avhandeyetik.com\/wp-content\/uploads\/2023\/08\/DSCF0500-scaled-e1692994957478.jpg","contentUrl":"https:\/\/avhandeyetik.com\/wp-content\/uploads\/2023\/08\/DSCF0500-scaled-e1692994957478.jpg","width":1706,"height":2180},{"@type":"BreadcrumbList","@id":"https:\/\/avhandeyetik.com\/?page_id=2288#breadcrumb","itemListElement":[{"@type":"ListItem","position":1,"name":"Anasayfa","item":"https:\/\/avhandeyetik.com\/"},{"@type":"ListItem","position":2,"name":"Yetik Hukuk B\u00fcrosu Hakk\u0131nda"}]},{"@type":"WebSite","@id":"https:\/\/avhandeyetik.com\/#website","url":"https:\/\/avhandeyetik.com\/","name":"Yetik Hukuk ve Dan\u0131\u015fmanl\u0131k B\u00fcrosu | Adana Avukat","description":"ADANA \u0130DARE HUKUKU, ADANA S\u0130GORTA HUKUKU, ADANA \u0130CRA VE \u0130FLAS HUKUKU, ADANA CEZA HUKUKU, ADANA \u0130\u015e VE SOSYAL G\u00dcVENL\u0130K HUKUKU, ADANA A\u0130LE , VELAYET VE BO\u015eANMA HUKUKU, ADANA M\u0130RAS HUKUKU, ADANA T\u00dcKET\u0130C\u0130 HUKUKU, ADANA VERG\u0130 HUKUKU, ADANA S\u00d6ZLE\u015eMELER VE BOR\u00c7LAR HUKUKU, ADANA TRAF\u0130K KAZALARINDA MADD\u0130 MANEV\u0130 TAZM\u0130NAT, ADANA ARSA PAYI KAR\u015eILI\u011eI \u0130N\u015eAAT S\u00d6ZLE\u015eMELER\u0130 VE DAVALARI, ADANA SA\u011eLIK HUKUKU, ADANA KVKK HUKUKU, ADANA GAYR\u0130MENKUL HUKUKU, ADANA T\u0130CARET HUKUKU,HUKUKU,","potentialAction":[{"@type":"SearchAction","target":{"@type":"EntryPoint","urlTemplate":"https:\/\/avhandeyetik.com\/?s={search_term_string}"},"query-input":{"@type":"PropertyValueSpecification","valueRequired":true,"valueName":"search_term_string"}}],"inLanguage":"tr"}]}},"_links":{"self":[{"href":"https:\/\/avhandeyetik.com\/index.php?rest_route=\/wp\/v2\/pages\/2288","targetHints":{"allow":["GET"]}}],"collection":[{"href":"https:\/\/avhandeyetik.com\/index.php?rest_route=\/wp\/v2\/pages"}],"about":[{"href":"https:\/\/avhandeyetik.com\/index.php?rest_route=\/wp\/v2\/types\/page"}],"author":[{"embeddable":true,"href":"https:\/\/avhandeyetik.com\/index.php?rest_route=\/wp\/v2\/users\/1"}],"replies":[{"embeddable":true,"href":"https:\/\/avhandeyetik.com\/index.php?rest_route=%2Fwp%2Fv2%2Fcomments&post=2288"}],"version-history":[{"count":12,"href":"https:\/\/avhandeyetik.com\/index.php?rest_route=\/wp\/v2\/pages\/2288\/revisions"}],"predecessor-version":[{"id":2469,"href":"https:\/\/avhandeyetik.com\/index.php?rest_route=\/wp\/v2\/pages\/2288\/revisions\/2469"}],"wp:featuredmedia":[{"embeddable":true,"href":"https:\/\/avhandeyetik.com\/index.php?rest_route=\/wp\/v2\/media\/2468"}],"wp:attachment":[{"href":"https:\/\/avhandeyetik.com\/index.php?rest_route=%2Fwp%2Fv2%2Fmedia&parent=2288"}],"curies":[{"name":"wp","href":"https:\/\/api.w.org\/{rel}","templated":true}]}}