{"id":2306,"date":"2021-10-17T09:25:21","date_gmt":"2021-10-17T09:25:21","guid":{"rendered":"https:\/\/avhandeyetik.com\/?page_id=2306"},"modified":"2021-10-17T10:05:38","modified_gmt":"2021-10-17T10:05:38","slug":"avukat-hande-yetik-iletisim","status":"publish","type":"page","link":"https:\/\/avhandeyetik.com\/?page_id=2306","title":{"rendered":"Avukat Hande Yetik \u0130leti\u015fim"},"content":{"rendered":"\t\t<div data-elementor-type=\"wp-page\" data-elementor-id=\"2306\" class=\"elementor elementor-2306\">\n\t\t\t\t\t\t<section class=\"elementor-section elementor-top-section elementor-element elementor-element-1cd3605 elementor-section-boxed elementor-section-height-default elementor-section-height-default\" data-id=\"1cd3605\" data-element_type=\"section\">\n\t\t\t\t\t\t<div class=\"elementor-container elementor-column-gap-default\">\n\t\t\t\t\t<div class=\"elementor-column elementor-col-33 elementor-top-column elementor-element elementor-element-a1dd684\" data-id=\"a1dd684\" data-element_type=\"column\">\n\t\t\t<div class=\"elementor-widget-wrap elementor-element-populated\">\n\t\t\t\t\t\t<div class=\"elementor-element elementor-element-b742c25 hover-effect-none elementor-widget elementor-widget-mae-service-box\" data-id=\"b742c25\" data-element_type=\"widget\" data-widget_type=\"mae-service-box.default\">\n\t\t\t\t<div class=\"elementor-widget-container\">\n\t\t\t\t\t        <div class=\"master-service mlr-864715469 item-carousel sep-before \">\n            \n            <div class=\"content-wrap\">\n                <h3 class=\"headline-2\">ADRES B\u0130LG\u0130LER\u0130<\/h3><div class=\"sep\"><\/div><div class=\"desc\"><p>D\u00f6\u015feme Mahallesi 60081 Sokak No:4 \u00d6zen Apt. K:11 D:32 Seyhan\/ADANA<\/p><\/div>            <div class=\"url-wrap\">\n                <a class=\"master-link  icon-right\" href=\"\" >\n                                        <span>\u0130LET\u0130\u015e\u0130ME GE\u00c7<\/span>\n                    <span class=\"icon fa fa-arrow-right\"><\/span>                <\/a>\n            <\/div>\n\n                        <\/div>\n        <\/div>\n\n        \t\t\t\t<\/div>\n\t\t\t\t<\/div>\n\t\t\t\t\t<\/div>\n\t\t<\/div>\n\t\t\t\t<div class=\"elementor-column elementor-col-33 elementor-top-column elementor-element elementor-element-25e3f93\" data-id=\"25e3f93\" data-element_type=\"column\">\n\t\t\t<div class=\"elementor-widget-wrap elementor-element-populated\">\n\t\t\t\t\t\t<div class=\"elementor-element elementor-element-d8390cb hover-effect-none elementor-widget elementor-widget-mae-service-box\" data-id=\"d8390cb\" data-element_type=\"widget\" data-widget_type=\"mae-service-box.default\">\n\t\t\t\t<div class=\"elementor-widget-container\">\n\t\t\t\t\t        <div class=\"master-service mlr-501613036 item-carousel sep-before \">\n            \n            <div class=\"content-wrap\">\n                <h3 class=\"headline-2\">TELEFON & E POSTA<\/h3><div class=\"sep\"><\/div><div class=\"desc\"><p>GSM: 0554 999 46 04<br \/>av.handeyetik@gmail.com<\/p><\/div>            <div class=\"url-wrap\">\n                <a class=\"master-link  icon-right\" href=\"\" >\n                                        <span>\u0130LET\u0130\u015e\u0130ME GE\u00c7<\/span>\n                    <span class=\"icon fa fa-arrow-right\"><\/span>                <\/a>\n            <\/div>\n\n                        <\/div>\n        <\/div>\n\n        \t\t\t\t<\/div>\n\t\t\t\t<\/div>\n\t\t\t\t\t<\/div>\n\t\t<\/div>\n\t\t\t\t<div class=\"elementor-column elementor-col-33 elementor-top-column elementor-element elementor-element-bdbeda7\" data-id=\"bdbeda7\" data-element_type=\"column\">\n\t\t\t<div class=\"elementor-widget-wrap elementor-element-populated\">\n\t\t\t\t\t\t<div class=\"elementor-element elementor-element-f1e37a5 hover-effect-none elementor-widget elementor-widget-mae-service-box\" data-id=\"f1e37a5\" data-element_type=\"widget\" data-widget_type=\"mae-service-box.default\">\n\t\t\t\t<div class=\"elementor-widget-container\">\n\t\t\t\t\t        <div class=\"master-service mlr-1143623091 item-carousel sep-before \">\n            \n            <div class=\"content-wrap\">\n                <h3 class=\"headline-2\">\u00c7ALI\u015eMA SAATLER\u0130<\/h3><div class=\"sep\"><\/div><div class=\"desc\"><p>Pazartesi : 09.30 - 18:30<br \/>Sal\u0131 : 09.30 - 18:30 <br \/>\u00c7ar\u015famba : 09.30 - 18:30 <br \/>Per\u015fembe : 09.30 - 18:30 <br \/>Cuma : 09.30 - 18:30 <\/p><\/div>            <div class=\"url-wrap\">\n                <a class=\"master-link  icon-right\" href=\"\" >\n                                        <span>\u0130LET\u0130\u015e\u0130ME GE\u00c7<\/span>\n                    <span class=\"icon fa fa-arrow-right\"><\/span>                <\/a>\n            <\/div>\n\n                        <\/div>\n        <\/div>\n\n        \t\t\t\t<\/div>\n\t\t\t\t<\/div>\n\t\t\t\t\t<\/div>\n\t\t<\/div>\n\t\t\t\t\t<\/div>\n\t\t<\/section>\n\t\t\t\t<section class=\"elementor-section elementor-top-section elementor-element elementor-element-96cb8a8 elementor-section-full_width elementor-section-height-default elementor-section-height-default\" data-id=\"96cb8a8\" data-element_type=\"section\">\n\t\t\t\t\t\t<div class=\"elementor-container elementor-column-gap-default\">\n\t\t\t\t\t<div class=\"elementor-column elementor-col-100 elementor-top-column elementor-element elementor-element-2e449f5\" data-id=\"2e449f5\" data-element_type=\"column\">\n\t\t\t<div class=\"elementor-widget-wrap elementor-element-populated\">\n\t\t\t\t\t\t<div class=\"elementor-element elementor-element-c273057 elementor-widget elementor-widget-google_maps\" data-id=\"c273057\" data-element_type=\"widget\" data-widget_type=\"google_maps.default\">\n\t\t\t\t<div class=\"elementor-widget-container\">\n\t\t\t\t\t\t\t<div class=\"elementor-custom-embed\">\n\t\t\t<iframe loading=\"lazy\"\n\t\t\t\t\tsrc=\"https:\/\/maps.google.com\/maps?q=D%C3%B6%C5%9Feme%20Mahallesi%2060081%20Sokak%20No%3A4%20%2F32%20Seyhan%2FADANA&#038;t=m&#038;z=16&#038;output=embed&#038;iwloc=near\"\n\t\t\t\t\ttitle=\"D\u00f6\u015feme Mahallesi 60081 Sokak No:4 \/32 Seyhan\/ADANA\"\n\t\t\t\t\taria-label=\"D\u00f6\u015feme Mahallesi 60081 Sokak No:4 \/32 Seyhan\/ADANA\"\n\t\t\t><\/iframe>\n\t\t<\/div>\n\t\t\t\t\t\t<\/div>\n\t\t\t\t<\/div>\n\t\t\t\t\t<\/div>\n\t\t<\/div>\n\t\t\t\t\t<\/div>\n\t\t<\/section>\n\t\t\t\t<\/div>\n\t\t","protected":false},"excerpt":{"rendered":"<p>ADRES B\u0130LG\u0130LER\u0130 D\u00f6\u015feme Mahallesi 60081 Sokak No:4 \u00d6zen Apt. K:11 D:32 Seyhan\/ADANA \u0130LET\u0130\u015e\u0130ME GE\u00c7 TELEFON &#038; E POSTA GSM: 0554 999 46 04av.handeyetik@gmail.com \u0130LET\u0130\u015e\u0130ME GE\u00c7 \u00c7ALI\u015eMA SAATLER\u0130 Pazartesi : 09.30 &#8211; 18:30Sal\u0131 : 09.30 &#8211; 18:30 \u00c7ar\u015famba : 09.30 &#8211; 18:30 Per\u015fembe : 09.30 &#8211; 18:30 Cuma<\/p>\n","protected":false},"author":1,"featured_media":0,"parent":0,"menu_order":0,"comment_status":"closed","ping_status":"closed","template":"","meta":{"_joinchat":[],"footnotes":""},"class_list":["post-2306","page","type-page","status-publish","hentry"],"yoast_head":"<!-- This site is optimized with the Yoast SEO plugin v25.9 - https:\/\/yoast.com\/wordpress\/plugins\/seo\/ -->\n<title>Avukat Hande Yetik \u0130leti\u015fim - Yetik Hukuk ve Dan\u0131\u015fmanl\u0131k B\u00fcrosu | Adana Avukat<\/title>\n<meta name=\"description\" content=\"Avukat Hande Yetik \u0130leti\u015fim ADRES: D\u00f6\u015feme Mahallesi 60081 Sokak No:4 \u00d6zen Apt. K:11 D:32 Seyhan\/ADANAGSM: 0554 999 46 04 MA\u0130L: av.handeyetik@gmail.com\" \/>\n<meta name=\"robots\" content=\"index, follow, max-snippet:-1, max-image-preview:large, max-video-preview:-1\" \/>\n<link rel=\"canonical\" href=\"https:\/\/avhandeyetik.com\/?page_id=2306\" \/>\n<meta property=\"og:locale\" content=\"tr_TR\" \/>\n<meta property=\"og:type\" content=\"article\" \/>\n<meta property=\"og:title\" content=\"Avukat Hande Yetik \u0130leti\u015fim - Yetik Hukuk ve Dan\u0131\u015fmanl\u0131k B\u00fcrosu | Adana Avukat\" \/>\n<meta property=\"og:description\" content=\"Avukat Hande Yetik \u0130leti\u015fim ADRES: D\u00f6\u015feme Mahallesi 60081 Sokak No:4 \u00d6zen Apt. K:11 D:32 Seyhan\/ADANAGSM: 0554 999 46 04 MA\u0130L: av.handeyetik@gmail.com\" \/>\n<meta property=\"og:url\" content=\"https:\/\/avhandeyetik.com\/?page_id=2306\" \/>\n<meta property=\"og:site_name\" content=\"Yetik Hukuk ve Dan\u0131\u015fmanl\u0131k B\u00fcrosu | Adana Avukat\" \/>\n<meta property=\"article:modified_time\" content=\"2021-10-17T10:05:38+00:00\" \/>\n<meta name=\"twitter:card\" content=\"summary_large_image\" \/>\n<meta name=\"twitter:label1\" content=\"Tahmini okuma s\u00fcresi\" \/>\n\t<meta name=\"twitter:data1\" content=\"1 dakika\" \/>\n<script type=\"application\/ld+json\" class=\"yoast-schema-graph\">{\"@context\":\"https:\/\/schema.org\",\"@graph\":[{\"@type\":\"WebPage\",\"@id\":\"https:\/\/avhandeyetik.com\/?page_id=2306\",\"url\":\"https:\/\/avhandeyetik.com\/?page_id=2306\",\"name\":\"Avukat Hande Yetik \u0130leti\u015fim - Yetik Hukuk ve Dan\u0131\u015fmanl\u0131k B\u00fcrosu | Adana Avukat\",\"isPartOf\":{\"@id\":\"https:\/\/avhandeyetik.com\/#website\"},\"datePublished\":\"2021-10-17T09:25:21+00:00\",\"dateModified\":\"2021-10-17T10:05:38+00:00\",\"description\":\"Avukat Hande Yetik \u0130leti\u015fim ADRES: D\u00f6\u015feme Mahallesi 60081 Sokak No:4 \u00d6zen Apt. K:11 D:32 Seyhan\/ADANAGSM: 0554 999 46 04 MA\u0130L: av.handeyetik@gmail.com\",\"breadcrumb\":{\"@id\":\"https:\/\/avhandeyetik.com\/?page_id=2306#breadcrumb\"},\"inLanguage\":\"tr\",\"potentialAction\":[{\"@type\":\"ReadAction\",\"target\":[\"https:\/\/avhandeyetik.com\/?page_id=2306\"]}]},{\"@type\":\"BreadcrumbList\",\"@id\":\"https:\/\/avhandeyetik.com\/?page_id=2306#breadcrumb\",\"itemListElement\":[{\"@type\":\"ListItem\",\"position\":1,\"name\":\"Anasayfa\",\"item\":\"https:\/\/avhandeyetik.com\/\"},{\"@type\":\"ListItem\",\"position\":2,\"name\":\"Avukat Hande Yetik \u0130leti\u015fim\"}]},{\"@type\":\"WebSite\",\"@id\":\"https:\/\/avhandeyetik.com\/#website\",\"url\":\"https:\/\/avhandeyetik.com\/\",\"name\":\"Yetik Hukuk ve Dan\u0131\u015fmanl\u0131k B\u00fcrosu | Adana Avukat\",\"description\":\"ADANA \u0130DARE HUKUKU, ADANA S\u0130GORTA HUKUKU, ADANA \u0130CRA VE \u0130FLAS HUKUKU, ADANA CEZA HUKUKU, ADANA \u0130\u015e VE SOSYAL G\u00dcVENL\u0130K HUKUKU, ADANA A\u0130LE , VELAYET VE BO\u015eANMA HUKUKU, ADANA M\u0130RAS HUKUKU, ADANA T\u00dcKET\u0130C\u0130 HUKUKU, ADANA VERG\u0130 HUKUKU, ADANA S\u00d6ZLE\u015eMELER VE BOR\u00c7LAR HUKUKU, ADANA TRAF\u0130K KAZALARINDA MADD\u0130 MANEV\u0130 TAZM\u0130NAT, ADANA ARSA PAYI KAR\u015eILI\u011eI \u0130N\u015eAAT S\u00d6ZLE\u015eMELER\u0130 VE DAVALARI, ADANA SA\u011eLIK HUKUKU, ADANA KVKK HUKUKU, ADANA GAYR\u0130MENKUL HUKUKU, ADANA T\u0130CARET HUKUKU,HUKUKU,\",\"potentialAction\":[{\"@type\":\"SearchAction\",\"target\":{\"@type\":\"EntryPoint\",\"urlTemplate\":\"https:\/\/avhandeyetik.com\/?s={search_term_string}\"},\"query-input\":{\"@type\":\"PropertyValueSpecification\",\"valueRequired\":true,\"valueName\":\"search_term_string\"}}],\"inLanguage\":\"tr\"}]}<\/script>\n<!-- \/ Yoast SEO plugin. -->","yoast_head_json":{"title":"Avukat Hande Yetik \u0130leti\u015fim - Yetik Hukuk ve Dan\u0131\u015fmanl\u0131k B\u00fcrosu | Adana Avukat","description":"Avukat Hande Yetik \u0130leti\u015fim ADRES: D\u00f6\u015feme Mahallesi 60081 Sokak No:4 \u00d6zen Apt. K:11 D:32 Seyhan\/ADANAGSM: 0554 999 46 04 MA\u0130L: av.handeyetik@gmail.com","robots":{"index":"index","follow":"follow","max-snippet":"max-snippet:-1","max-image-preview":"max-image-preview:large","max-video-preview":"max-video-preview:-1"},"canonical":"https:\/\/avhandeyetik.com\/?page_id=2306","og_locale":"tr_TR","og_type":"article","og_title":"Avukat Hande Yetik \u0130leti\u015fim - Yetik Hukuk ve Dan\u0131\u015fmanl\u0131k B\u00fcrosu | Adana Avukat","og_description":"Avukat Hande Yetik \u0130leti\u015fim ADRES: D\u00f6\u015feme Mahallesi 60081 Sokak No:4 \u00d6zen Apt. K:11 D:32 Seyhan\/ADANAGSM: 0554 999 46 04 MA\u0130L: av.handeyetik@gmail.com","og_url":"https:\/\/avhandeyetik.com\/?page_id=2306","og_site_name":"Yetik Hukuk ve Dan\u0131\u015fmanl\u0131k B\u00fcrosu | Adana Avukat","article_modified_time":"2021-10-17T10:05:38+00:00","twitter_card":"summary_large_image","twitter_misc":{"Tahmini okuma s\u00fcresi":"1 dakika"},"schema":{"@context":"https:\/\/schema.org","@graph":[{"@type":"WebPage","@id":"https:\/\/avhandeyetik.com\/?page_id=2306","url":"https:\/\/avhandeyetik.com\/?page_id=2306","name":"Avukat Hande Yetik \u0130leti\u015fim - Yetik Hukuk ve Dan\u0131\u015fmanl\u0131k B\u00fcrosu | Adana Avukat","isPartOf":{"@id":"https:\/\/avhandeyetik.com\/#website"},"datePublished":"2021-10-17T09:25:21+00:00","dateModified":"2021-10-17T10:05:38+00:00","description":"Avukat Hande Yetik \u0130leti\u015fim ADRES: D\u00f6\u015feme Mahallesi 60081 Sokak No:4 \u00d6zen Apt. K:11 D:32 Seyhan\/ADANAGSM: 0554 999 46 04 MA\u0130L: av.handeyetik@gmail.com","breadcrumb":{"@id":"https:\/\/avhandeyetik.com\/?page_id=2306#breadcrumb"},"inLanguage":"tr","potentialAction":[{"@type":"ReadAction","target":["https:\/\/avhandeyetik.com\/?page_id=2306"]}]},{"@type":"BreadcrumbList","@id":"https:\/\/avhandeyetik.com\/?page_id=2306#breadcrumb","itemListElement":[{"@type":"ListItem","position":1,"name":"Anasayfa","item":"https:\/\/avhandeyetik.com\/"},{"@type":"ListItem","position":2,"name":"Avukat Hande Yetik \u0130leti\u015fim"}]},{"@type":"WebSite","@id":"https:\/\/avhandeyetik.com\/#website","url":"https:\/\/avhandeyetik.com\/","name":"Yetik Hukuk ve Dan\u0131\u015fmanl\u0131k B\u00fcrosu | Adana Avukat","description":"ADANA \u0130DARE HUKUKU, ADANA S\u0130GORTA HUKUKU, ADANA \u0130CRA VE \u0130FLAS HUKUKU, ADANA CEZA HUKUKU, ADANA \u0130\u015e VE SOSYAL G\u00dcVENL\u0130K HUKUKU, ADANA A\u0130LE , VELAYET VE BO\u015eANMA HUKUKU, ADANA M\u0130RAS HUKUKU, ADANA T\u00dcKET\u0130C\u0130 HUKUKU, ADANA VERG\u0130 HUKUKU, ADANA S\u00d6ZLE\u015eMELER VE BOR\u00c7LAR HUKUKU, ADANA TRAF\u0130K KAZALARINDA MADD\u0130 MANEV\u0130 TAZM\u0130NAT, ADANA ARSA PAYI KAR\u015eILI\u011eI \u0130N\u015eAAT S\u00d6ZLE\u015eMELER\u0130 VE DAVALARI, ADANA SA\u011eLIK HUKUKU, ADANA KVKK HUKUKU, ADANA GAYR\u0130MENKUL HUKUKU, ADANA T\u0130CARET HUKUKU,HUKUKU,","potentialAction":[{"@type":"SearchAction","target":{"@type":"EntryPoint","urlTemplate":"https:\/\/avhandeyetik.com\/?s={search_term_string}"},"query-input":{"@type":"PropertyValueSpecification","valueRequired":true,"valueName":"search_term_string"}}],"inLanguage":"tr"}]}},"_links":{"self":[{"href":"https:\/\/avhandeyetik.com\/index.php?rest_route=\/wp\/v2\/pages\/2306","targetHints":{"allow":["GET"]}}],"collection":[{"href":"https:\/\/avhandeyetik.com\/index.php?rest_route=\/wp\/v2\/pages"}],"about":[{"href":"https:\/\/avhandeyetik.com\/index.php?rest_route=\/wp\/v2\/types\/page"}],"author":[{"embeddable":true,"href":"https:\/\/avhandeyetik.com\/index.php?rest_route=\/wp\/v2\/users\/1"}],"replies":[{"embeddable":true,"href":"https:\/\/avhandeyetik.com\/index.php?rest_route=%2Fwp%2Fv2%2Fcomments&post=2306"}],"version-history":[{"count":10,"href":"https:\/\/avhandeyetik.com\/index.php?rest_route=\/wp\/v2\/pages\/2306\/revisions"}],"predecessor-version":[{"id":2339,"href":"https:\/\/avhandeyetik.com\/index.php?rest_route=\/wp\/v2\/pages\/2306\/revisions\/2339"}],"wp:attachment":[{"href":"https:\/\/avhandeyetik.com\/index.php?rest_route=%2Fwp%2Fv2%2Fmedia&parent=2306"}],"curies":[{"name":"wp","href":"https:\/\/api.w.org\/{rel}","templated":true}]}}